{"id":17,"date":"2025-01-10T02:20:34","date_gmt":"2025-01-10T02:20:34","guid":{"rendered":"https:\/\/smpreparations.com\/?page_id=17"},"modified":"2025-02-13T20:35:40","modified_gmt":"2025-02-13T20:35:40","slug":"contacto","status":"publish","type":"page","link":"https:\/\/smpreparations.com\/en\/contacto\/","title":{"rendered":"Contact"},"content":{"rendered":"<div data-elementor-type=\"wp-page\" data-elementor-id=\"17\" class=\"elementor elementor-17\" data-elementor-post-type=\"page\">\n\t\t\t\t<div class=\"elementor-element elementor-element-8fedb91 e-flex e-con-boxed wpr-particle-no wpr-jarallax-no wpr-parallax-no wpr-sticky-section-no e-con e-parent\" data-id=\"8fedb91\" data-element_type=\"container\" data-settings=\"{&quot;background_background&quot;:&quot;classic&quot;}\">\n\t\t\t\t\t<div class=\"e-con-inner\">\n\t\t<div class=\"elementor-element elementor-element-02eadd9 e-con-full e-flex wpr-particle-no wpr-jarallax-no wpr-parallax-no wpr-sticky-section-no e-con e-child\" data-id=\"02eadd9\" data-element_type=\"container\">\n\t\t\t\t<div class=\"elementor-element elementor-element-d02a1eb elementor-invisible elementor-widget elementor-widget-image\" data-id=\"d02a1eb\" data-element_type=\"widget\" data-settings=\"{&quot;_animation&quot;:&quot;fadeInRight&quot;,&quot;_animation_mobile&quot;:&quot;fadeInUp&quot;}\" data-widget_type=\"image.default\">\n\t\t\t\t<div class=\"elementor-widget-container\">\n\t\t\t\t\t\t\t\t\t\t\t\t\t\t\t<img fetchpriority=\"high\" decoding=\"async\" width=\"550\" height=\"1024\" src=\"https:\/\/smpreparations.com\/wp-content\/uploads\/2025\/01\/Diseno-sin-titulo-2025-01-14T172230.534-e1736893390143-550x1024.png\" class=\"attachment-large size-large wp-image-522\" alt=\"\" srcset=\"https:\/\/smpreparations.com\/wp-content\/uploads\/2025\/01\/Diseno-sin-titulo-2025-01-14T172230.534-e1736893390143-550x1024.png 550w, https:\/\/smpreparations.com\/wp-content\/uploads\/2025\/01\/Diseno-sin-titulo-2025-01-14T172230.534-e1736893390143-161x300.png 161w, https:\/\/smpreparations.com\/wp-content\/uploads\/2025\/01\/Diseno-sin-titulo-2025-01-14T172230.534-e1736893390143-6x12.png 6w, https:\/\/smpreparations.com\/wp-content\/uploads\/2025\/01\/Diseno-sin-titulo-2025-01-14T172230.534-e1736893390143.png 580w\" sizes=\"(max-width: 550px) 100vw, 550px\" \/>\t\t\t\t\t\t\t\t\t\t\t\t\t\t\t<\/div>\n\t\t\t\t<\/div>\n\t\t\t\t<\/div>\n\t\t<div class=\"elementor-element elementor-element-49488b3 e-con-full e-flex wpr-particle-no wpr-jarallax-no wpr-parallax-no wpr-sticky-section-no e-con e-child\" data-id=\"49488b3\" data-element_type=\"container\">\n\t\t\t\t<div class=\"elementor-element elementor-element-8f449e2 elementor-widget elementor-widget-heading\" data-id=\"8f449e2\" data-element_type=\"widget\" data-widget_type=\"heading.default\">\n\t\t\t\t<div class=\"elementor-widget-container\">\n\t\t\t\t\t<h1 class=\"elementor-heading-title elementor-size-default\">Estamos Aqu\u00ed para Ayudarte\n\n<\/h1>\t\t\t\t<\/div>\n\t\t\t\t<\/div>\n\t\t\t\t<div class=\"elementor-element elementor-element-c8728c1 elementor-widget-divider--view-line elementor-widget elementor-widget-divider\" data-id=\"c8728c1\" data-element_type=\"widget\" data-widget_type=\"divider.default\">\n\t\t\t\t<div class=\"elementor-widget-container\">\n\t\t\t\t\t\t\t<div class=\"elementor-divider\">\n\t\t\t<span class=\"elementor-divider-separator\">\n\t\t\t\t\t\t<\/span>\n\t\t<\/div>\n\t\t\t\t\t\t<\/div>\n\t\t\t\t<\/div>\n\t\t\t\t<div class=\"elementor-element elementor-element-ecb87b5 elementor-widget elementor-widget-text-editor\" data-id=\"ecb87b5\" data-element_type=\"widget\" data-widget_type=\"text-editor.default\">\n\t\t\t\t<div class=\"elementor-widget-container\">\n\t\t\t\t\t\t\t\t\t<p>Cont\u00e1ctanos y Perm\u00edtenos Resolver Tus Dudas para Iniciar Juntos Este Importante Proceso<\/p>\t\t\t\t\t\t\t\t<\/div>\n\t\t\t\t<\/div>\n\t\t\t\t<div class=\"elementor-element elementor-element-daaa1ff elementor-align-left elementor-invisible elementor-widget elementor-widget-button\" data-id=\"daaa1ff\" data-element_type=\"widget\" data-settings=\"{&quot;_animation&quot;:&quot;fadeInUp&quot;,&quot;_animation_mobile&quot;:&quot;fadeInLeft&quot;}\" data-widget_type=\"button.default\">\n\t\t\t\t<div class=\"elementor-widget-container\">\n\t\t\t\t\t\t\t\t\t<div class=\"elementor-button-wrapper\">\n\t\t\t\t\t<a class=\"elementor-button elementor-button-link elementor-size-sm elementor-animation-float\" href=\"https:\/\/smpreparations.com\/en\/servicios\/\">\n\t\t\t\t\t\t<span class=\"elementor-button-content-wrapper\">\n\t\t\t\t\t\t\t\t\t<span class=\"elementor-button-text\">View Services<\/span>\n\t\t\t\t\t<\/span>\n\t\t\t\t\t<\/a>\n\t\t\t\t<\/div>\n\t\t\t\t\t\t\t\t<\/div>\n\t\t\t\t<\/div>\n\t\t\t\t<\/div>\n\t\t\t\t\t<\/div>\n\t\t\t\t<\/div>\n\t\t<div class=\"elementor-element elementor-element-f815a49 e-flex e-con-boxed wpr-particle-no wpr-jarallax-no wpr-parallax-no wpr-sticky-section-no e-con e-parent\" data-id=\"f815a49\" data-element_type=\"container\">\n\t\t\t\t\t<div class=\"e-con-inner\">\n\t\t\t\t<div class=\"elementor-element elementor-element-c255e03 elementor-invisible elementor-widget elementor-widget-image\" data-id=\"c255e03\" data-element_type=\"widget\" data-settings=\"{&quot;_animation&quot;:&quot;fadeInUp&quot;}\" data-widget_type=\"image.default\">\n\t\t\t\t<div class=\"elementor-widget-container\">\n\t\t\t\t\t\t\t\t\t\t\t\t\t\t\t<img decoding=\"async\" width=\"800\" height=\"800\" src=\"https:\/\/smpreparations.com\/wp-content\/uploads\/2025\/01\/Diseno-sin-titulo-2025-01-10T000810.166-1024x1024.png\" class=\"attachment-large size-large wp-image-159\" alt=\"SM Preparations\" srcset=\"https:\/\/smpreparations.com\/wp-content\/uploads\/2025\/01\/Diseno-sin-titulo-2025-01-10T000810.166-1024x1024.png 1024w, https:\/\/smpreparations.com\/wp-content\/uploads\/2025\/01\/Diseno-sin-titulo-2025-01-10T000810.166-300x300.png 300w, https:\/\/smpreparations.com\/wp-content\/uploads\/2025\/01\/Diseno-sin-titulo-2025-01-10T000810.166-150x150.png 150w, https:\/\/smpreparations.com\/wp-content\/uploads\/2025\/01\/Diseno-sin-titulo-2025-01-10T000810.166-768x768.png 768w, https:\/\/smpreparations.com\/wp-content\/uploads\/2025\/01\/Diseno-sin-titulo-2025-01-10T000810.166.png 1080w\" sizes=\"(max-width: 800px) 100vw, 800px\" \/>\t\t\t\t\t\t\t\t\t\t\t\t\t\t\t<\/div>\n\t\t\t\t<\/div>\n\t\t\t\t\t<\/div>\n\t\t\t\t<\/div>\n\t\t<div class=\"elementor-element elementor-element-d5a707d e-flex e-con-boxed wpr-particle-no wpr-jarallax-no wpr-parallax-no wpr-sticky-section-no e-con e-parent\" data-id=\"d5a707d\" data-element_type=\"container\">\n\t\t\t\t\t<div class=\"e-con-inner\">\n\t\t<div class=\"elementor-element elementor-element-663846d e-con-full e-flex wpr-particle-no wpr-jarallax-no wpr-parallax-no wpr-sticky-section-no e-con e-child\" data-id=\"663846d\" data-element_type=\"container\">\n\t\t\t\t<div class=\"elementor-element elementor-element-f3cada5 elementor-button-align-stretch elementor-widget elementor-widget-form\" data-id=\"f3cada5\" data-element_type=\"widget\" data-settings=\"{&quot;button_width&quot;:&quot;30&quot;,&quot;step_next_label&quot;:&quot;Next&quot;,&quot;step_previous_label&quot;:&quot;Previous&quot;,&quot;step_type&quot;:&quot;number_text&quot;,&quot;step_icon_shape&quot;:&quot;circle&quot;}\" data-widget_type=\"form.default\">\n\t\t\t\t<div class=\"elementor-widget-container\">\n\t\t\t\t\t\t\t<form class=\"elementor-form\" method=\"post\" name=\"New Form\" aria-label=\"New Form\" action=\"\">\n\t\t\t<input type=\"hidden\" name=\"post_id\" value=\"17\"\/>\n\t\t\t<input type=\"hidden\" name=\"form_id\" value=\"f3cada5\"\/>\n\t\t\t<input type=\"hidden\" name=\"referer_title\" value=\"smpreparations.com\" \/>\n\n\t\t\t\n\t\t\t<div class=\"elementor-form-fields-wrapper elementor-labels-above\">\n\t\t\t\t\t\t\t\t<div class=\"elementor-field-type-text elementor-field-group elementor-column elementor-field-group-name elementor-col-50 elementor-field-required\">\n\t\t\t\t\t\t\t\t\t\t\t\t<label for=\"form-field-name\" class=\"elementor-field-label\">\n\t\t\t\t\t\t\t\tFirst and Last Name\t\t\t\t\t\t\t<\/label>\n\t\t\t\t\t\t\t\t\t\t\t\t\t\t<input size=\"1\" type=\"text\" name=\"form_fields[name]\" id=\"form-field-name\" class=\"elementor-field elementor-size-sm  elementor-field-textual\" placeholder=\"First and Last Name\" required=\"required\">\n\t\t\t\t\t\t\t\t\t\t\t<\/div>\n\t\t\t\t\t\t\t\t<div class=\"elementor-field-type-tel elementor-field-group elementor-column elementor-field-group-field_35f7ab3 elementor-col-50 elementor-field-required\">\n\t\t\t\t\t\t\t\t\t\t\t\t<label for=\"form-field-field_35f7ab3\" class=\"elementor-field-label\">\n\t\t\t\t\t\t\t\tPhone\t\t\t\t\t\t\t<\/label>\n\t\t\t\t\t\t\t\t<input size=\"1\" type=\"tel\" name=\"form_fields[field_35f7ab3]\" id=\"form-field-field_35f7ab3\" class=\"elementor-field elementor-size-sm  elementor-field-textual\" placeholder=\"Phone\" required=\"required\" pattern=\"[0-9()#&amp;+*-=.]+\" title=\"Only numbers and phone characters (#, -, *, etc) are accepted.\">\n\n\t\t\t\t\t\t<\/div>\n\t\t\t\t\t\t\t\t<div class=\"elementor-field-type-email elementor-field-group elementor-column elementor-field-group-email elementor-col-50 elementor-field-required\">\n\t\t\t\t\t\t\t\t\t\t\t\t<label for=\"form-field-email\" class=\"elementor-field-label\">\n\t\t\t\t\t\t\t\tEmail\t\t\t\t\t\t\t<\/label>\n\t\t\t\t\t\t\t\t\t\t\t\t\t\t<input size=\"1\" type=\"email\" name=\"form_fields[email]\" id=\"form-field-email\" class=\"elementor-field elementor-size-sm  elementor-field-textual\" placeholder=\"Email\" required=\"required\">\n\t\t\t\t\t\t\t\t\t\t\t<\/div>\n\t\t\t\t\t\t\t\t<div class=\"elementor-field-type-text elementor-field-group elementor-column elementor-field-group-field_bcde281 elementor-col-50 elementor-field-required\">\n\t\t\t\t\t\t\t\t\t\t\t\t<label for=\"form-field-field_bcde281\" class=\"elementor-field-label\">\n\t\t\t\t\t\t\t\tService of Interest\t\t\t\t\t\t\t<\/label>\n\t\t\t\t\t\t\t\t\t\t\t\t\t\t<input size=\"1\" type=\"text\" name=\"form_fields[field_bcde281]\" id=\"form-field-field_bcde281\" class=\"elementor-field elementor-size-sm  elementor-field-textual\" placeholder=\"Service of Interest\" required=\"required\">\n\t\t\t\t\t\t\t\t\t\t\t<\/div>\n\t\t\t\t\t\t\t\t<div class=\"elementor-field-type-textarea elementor-field-group elementor-column elementor-field-group-message elementor-col-100 elementor-field-required\">\n\t\t\t\t\t\t\t\t\t\t\t\t<label for=\"form-field-message\" class=\"elementor-field-label\">\n\t\t\t\t\t\t\t\tYour Message\t\t\t\t\t\t\t<\/label>\n\t\t\t\t\t\t<textarea class=\"elementor-field-textual elementor-field  elementor-size-sm\" name=\"form_fields[message]\" id=\"form-field-message\" rows=\"4\" placeholder=\"Your Message\" required=\"required\"><\/textarea>\t\t\t\t<\/div>\n\t\t\t\t\t\t\t\t<div class=\"elementor-field-group elementor-column elementor-field-type-submit elementor-col-30 e-form__buttons\">\n\t\t\t\t\t<button class=\"elementor-button elementor-size-sm\" type=\"submit\">\n\t\t\t\t\t\t<span class=\"elementor-button-content-wrapper\">\n\t\t\t\t\t\t\t\t\t\t\t\t\t\t\t\t\t\t\t\t\t\t<span class=\"elementor-button-text\">Send<\/span>\n\t\t\t\t\t\t\t\t\t\t\t\t\t<\/span>\n\t\t\t\t\t<\/button>\n\t\t\t\t<\/div>\n\t\t\t<\/div>\n\t\t<input type=\"hidden\" name=\"trp-form-language\" value=\"en\"\/><\/form>\n\t\t\t\t\t\t<\/div>\n\t\t\t\t<\/div>\n\t\t\t\t<div class=\"elementor-element elementor-element-e05a4b7 e-grid-align-left elementor-shape-rounded elementor-grid-0 elementor-widget elementor-widget-social-icons\" data-id=\"e05a4b7\" data-element_type=\"widget\" data-widget_type=\"social-icons.default\">\n\t\t\t\t<div class=\"elementor-widget-container\">\n\t\t\t\t\t\t\t<div class=\"elementor-social-icons-wrapper elementor-grid\" role=\"list\">\n\t\t\t\t\t\t\t<span class=\"elementor-grid-item\" role=\"listitem\">\n\t\t\t\t\t<a class=\"elementor-icon elementor-social-icon elementor-social-icon-instagram elementor-repeater-item-68fa942\" href=\"https:\/\/www.instagram.com\/smpreparations\/\" target=\"_blank\">\n\t\t\t\t\t\t<span class=\"elementor-screen-only\">Instagram<\/span>\n\t\t\t\t\t\t<svg aria-hidden=\"true\" class=\"e-font-icon-svg e-fab-instagram\" viewbox=\"0 0 448 512\" xmlns=\"http:\/\/www.w3.org\/2000\/svg\"><path d=\"M224.1 141c-63.6 0-114.9 51.3-114.9 114.9s51.3 114.9 114.9 114.9S339 319.5 339 255.9 287.7 141 224.1 141zm0 189.6c-41.1 0-74.7-33.5-74.7-74.7s33.5-74.7 74.7-74.7 74.7 33.5 74.7 74.7-33.6 74.7-74.7 74.7zm146.4-194.3c0 14.9-12 26.8-26.8 26.8-14.9 0-26.8-12-26.8-26.8s12-26.8 26.8-26.8 26.8 12 26.8 26.8zm76.1 27.2c-1.7-35.9-9.9-67.7-36.2-93.9-26.2-26.2-58-34.4-93.9-36.2-37-2.1-147.9-2.1-184.9 0-35.8 1.7-67.6 9.9-93.9 36.1s-34.4 58-36.2 93.9c-2.1 37-2.1 147.9 0 184.9 1.7 35.9 9.9 67.7 36.2 93.9s58 34.4 93.9 36.2c37 2.1 147.9 2.1 184.9 0 35.9-1.7 67.7-9.9 93.9-36.2 26.2-26.2 34.4-58 36.2-93.9 2.1-37 2.1-147.8 0-184.8zM398.8 388c-7.8 19.6-22.9 34.7-42.6 42.6-29.5 11.7-99.5 9-132.1 9s-102.7 2.6-132.1-9c-19.6-7.8-34.7-22.9-42.6-42.6-11.7-29.5-9-99.5-9-132.1s-2.6-102.7 9-132.1c7.8-19.6 22.9-34.7 42.6-42.6 29.5-11.7 99.5-9 132.1-9s102.7-2.6 132.1 9c19.6 7.8 34.7 22.9 42.6 42.6 11.7 29.5 9 99.5 9 132.1s2.7 102.7-9 132.1z\"><\/path><\/svg>\t\t\t\t\t<\/a>\n\t\t\t\t<\/span>\n\t\t\t\t\t\t\t<span class=\"elementor-grid-item\" role=\"listitem\">\n\t\t\t\t\t<a class=\"elementor-icon elementor-social-icon elementor-social-icon-facebook elementor-repeater-item-48f5d8f\" href=\"https:\/\/www.facebook.com\/SmPreparations\" target=\"_blank\">\n\t\t\t\t\t\t<span class=\"elementor-screen-only\">Facebook<\/span>\n\t\t\t\t\t\t<svg aria-hidden=\"true\" class=\"e-font-icon-svg e-fab-facebook\" viewbox=\"0 0 512 512\" xmlns=\"http:\/\/www.w3.org\/2000\/svg\"><path d=\"M504 256C504 119 393 8 256 8S8 119 8 256c0 123.78 90.69 226.38 209.25 245V327.69h-63V256h63v-54.64c0-62.15 37-96.48 93.67-96.48 27.14 0 55.52 4.84 55.52 4.84v61h-31.28c-30.8 0-40.41 19.12-40.41 38.73V256h68.78l-11 71.69h-57.78V501C413.31 482.38 504 379.78 504 256z\"><\/path><\/svg>\t\t\t\t\t<\/a>\n\t\t\t\t<\/span>\n\t\t\t\t\t\t\t<span class=\"elementor-grid-item\" role=\"listitem\">\n\t\t\t\t\t<a class=\"elementor-icon elementor-social-icon elementor-social-icon-tiktok elementor-repeater-item-b972833\" href=\"https:\/\/www.tiktok.com\/@smpreparations\" target=\"_blank\">\n\t\t\t\t\t\t<span class=\"elementor-screen-only\">Tiktok<\/span>\n\t\t\t\t\t\t<svg aria-hidden=\"true\" class=\"e-font-icon-svg e-fab-tiktok\" viewbox=\"0 0 448 512\" xmlns=\"http:\/\/www.w3.org\/2000\/svg\"><path d=\"M448,209.91a210.06,210.06,0,0,1-122.77-39.25V349.38A162.55,162.55,0,1,1,185,188.31V278.2a74.62,74.62,0,1,0,52.23,71.18V0l88,0a121.18,121.18,0,0,0,1.86,22.17h0A122.18,122.18,0,0,0,381,102.39a121.43,121.43,0,0,0,67,20.14Z\"><\/path><\/svg>\t\t\t\t\t<\/a>\n\t\t\t\t<\/span>\n\t\t\t\t\t<\/div>\n\t\t\t\t\t\t<\/div>\n\t\t\t\t<\/div>\n\t\t\t\t<\/div>\n\t\t<div class=\"elementor-element elementor-element-3d1d02b e-con-full e-flex wpr-particle-no wpr-jarallax-no wpr-parallax-no wpr-sticky-section-no e-con e-child\" data-id=\"3d1d02b\" data-element_type=\"container\">\n\t\t\t\t<div class=\"elementor-element elementor-element-7277fca elementor-widget elementor-widget-google_maps\" data-id=\"7277fca\" data-element_type=\"widget\" data-widget_type=\"google_maps.default\">\n\t\t\t\t<div class=\"elementor-widget-container\">\n\t\t\t\t\t\t\t<div class=\"elementor-custom-embed\">\n\t\t\t<iframe loading=\"lazy\"\n\t\t\t\t\tsrc=\"https:\/\/maps.google.com\/maps?q=London%20Eye%2C%20Londres%2C%20Reino%20Unido&#038;t=m&#038;z=10&#038;output=embed&#038;iwloc=near\"\n\t\t\t\t\ttitle=\"London Eye, Londres, Reino Unido\"\n\t\t\t\t\taria-label=\"London Eye, Londres, Reino Unido\"\n\t\t\t><\/iframe>\n\t\t<\/div>\n\t\t\t\t\t\t<\/div>\n\t\t\t\t<\/div>\n\t\t\t\t<\/div>\n\t\t\t\t\t<\/div>\n\t\t\t\t<\/div>\n\t\t\t\t<\/div>","protected":false},"excerpt":{"rendered":"<p>Estamos aqu\u00ed para ayudarte. Ponte en contacto con nosotros para obtener informaci\u00f3n sobre nuestros servicios de migraci\u00f3n y notar\u00eda.<\/p>","protected":false},"author":1,"featured_media":35,"parent":0,"menu_order":0,"comment_status":"closed","ping_status":"closed","template":"elementor_header_footer","meta":{"_joinchat":[],"footnotes":""},"class_list":["post-17","page","type-page","status-publish","has-post-thumbnail","hentry"],"yoast_head":"<!-- This site is optimized with the Yoast SEO Premium plugin v24.2 (Yoast SEO v26.0) - https:\/\/yoast.com\/wordpress\/plugins\/seo\/ -->\n<title>Cont\u00e1ctanos | Resolvemos tus Dudas y Comenzamos tu Proceso<\/title>\n<meta name=\"description\" content=\"Estamos aqu\u00ed para ayudarte. Ponte en contacto con nosotros para obtener informaci\u00f3n sobre nuestros servicios de migraci\u00f3n y notar\u00eda.\" \/>\n<meta name=\"robots\" content=\"index, follow, max-snippet:-1, max-image-preview:large, max-video-preview:-1\" \/>\n<link rel=\"canonical\" href=\"https:\/\/smpreparations.com\/en\/contacto\/\" \/>\n<meta property=\"og:locale\" content=\"en_US\" \/>\n<meta property=\"og:type\" content=\"article\" \/>\n<meta property=\"og:title\" content=\"Cont\u00e1ctanos | Resolvemos tus Dudas y Comenzamos tu Proceso\" \/>\n<meta property=\"og:description\" content=\"Estamos aqu\u00ed para ayudarte. Ponte en contacto con nosotros para obtener informaci\u00f3n sobre nuestros servicios de migraci\u00f3n y notar\u00eda.\" \/>\n<meta property=\"og:url\" content=\"https:\/\/smpreparations.com\/en\/contacto\/\" \/>\n<meta property=\"og:site_name\" content=\"smpreparations.com\" \/>\n<meta property=\"article:modified_time\" content=\"2025-02-13T20:35:40+00:00\" \/>\n<meta property=\"og:image\" content=\"https:\/\/smpreparations.com\/wp-content\/uploads\/2025\/01\/Diseno-sin-titulo-2025-01-10T002436.413.jpg\" \/>\n\t<meta property=\"og:image:width\" content=\"1920\" \/>\n\t<meta property=\"og:image:height\" content=\"1080\" \/>\n\t<meta property=\"og:image:type\" content=\"image\/jpeg\" \/>\n<meta name=\"twitter:card\" content=\"summary_large_image\" \/>\n<meta name=\"twitter:title\" content=\"Contacto Cont\u00e1ctanos | Resolvemos tus Dudas y Comenzamos tu Proceso\" \/>\n<meta name=\"twitter:description\" content=\"Estamos aqu\u00ed para ayudarte. Ponte en contacto con nosotros para obtener informaci\u00f3n sobre nuestros servicios de migraci\u00f3n y notar\u00eda.\" \/>\n<meta name=\"twitter:label1\" content=\"Est. reading time\" \/>\n\t<meta name=\"twitter:data1\" content=\"1 minute\" \/>\n<script type=\"application\/ld+json\" class=\"yoast-schema-graph\">{\"@context\":\"https:\/\/schema.org\",\"@graph\":[{\"@type\":\"WebPage\",\"@id\":\"https:\/\/smpreparations.com\/contacto\/\",\"url\":\"https:\/\/smpreparations.com\/contacto\/\",\"name\":\"Cont\u00e1ctanos | Resolvemos tus Dudas y Comenzamos tu Proceso\",\"isPartOf\":{\"@id\":\"https:\/\/smpreparations.com\/#website\"},\"primaryImageOfPage\":{\"@id\":\"https:\/\/smpreparations.com\/contacto\/#primaryimage\"},\"image\":{\"@id\":\"https:\/\/smpreparations.com\/contacto\/#primaryimage\"},\"thumbnailUrl\":\"https:\/\/smpreparations.com\/wp-content\/uploads\/2025\/01\/Diseno-sin-titulo-2025-01-10T002436.413.jpg\",\"datePublished\":\"2025-01-10T02:20:34+00:00\",\"dateModified\":\"2025-02-13T20:35:40+00:00\",\"description\":\"Estamos aqu\u00ed para ayudarte. Ponte en contacto con nosotros para obtener informaci\u00f3n sobre nuestros servicios de migraci\u00f3n y notar\u00eda.\",\"breadcrumb\":{\"@id\":\"https:\/\/smpreparations.com\/contacto\/#breadcrumb\"},\"inLanguage\":\"en-US\",\"potentialAction\":[{\"@type\":\"ReadAction\",\"target\":[\"https:\/\/smpreparations.com\/contacto\/\"]}]},{\"@type\":\"ImageObject\",\"inLanguage\":\"en-US\",\"@id\":\"https:\/\/smpreparations.com\/contacto\/#primaryimage\",\"url\":\"https:\/\/smpreparations.com\/wp-content\/uploads\/2025\/01\/Diseno-sin-titulo-2025-01-10T002436.413.jpg\",\"contentUrl\":\"https:\/\/smpreparations.com\/wp-content\/uploads\/2025\/01\/Diseno-sin-titulo-2025-01-10T002436.413.jpg\",\"width\":1920,\"height\":1080,\"caption\":\"SM Preparations Sanaa Mustafa\"},{\"@type\":\"BreadcrumbList\",\"@id\":\"https:\/\/smpreparations.com\/contacto\/#breadcrumb\",\"itemListElement\":[{\"@type\":\"ListItem\",\"position\":1,\"name\":\"Home\",\"item\":\"https:\/\/smpreparations.com\/\"},{\"@type\":\"ListItem\",\"position\":2,\"name\":\"Contacto\"}]},{\"@type\":\"WebSite\",\"@id\":\"https:\/\/smpreparations.com\/#website\",\"url\":\"https:\/\/smpreparations.com\/\",\"name\":\"SMPreparations\",\"description\":\"Soluciones Migratorias y Notariales a tu Alcance\",\"publisher\":{\"@id\":\"https:\/\/smpreparations.com\/#organization\"},\"alternateName\":\"SMPreparations - Sanaa Mustafa\",\"potentialAction\":[{\"@type\":\"SearchAction\",\"target\":{\"@type\":\"EntryPoint\",\"urlTemplate\":\"https:\/\/smpreparations.com\/?s={search_term_string}\"},\"query-input\":{\"@type\":\"PropertyValueSpecification\",\"valueRequired\":true,\"valueName\":\"search_term_string\"}}],\"inLanguage\":\"en-US\"},{\"@type\":\"Organization\",\"@id\":\"https:\/\/smpreparations.com\/#organization\",\"name\":\"SM Preparations\",\"alternateName\":\"SM Preparations - Sanaa Mustafa\",\"url\":\"https:\/\/smpreparations.com\/\",\"logo\":{\"@type\":\"ImageObject\",\"inLanguage\":\"en-US\",\"@id\":\"https:\/\/smpreparations.com\/#\/schema\/logo\/image\/\",\"url\":\"https:\/\/smpreparations.com\/wp-content\/uploads\/2025\/01\/Diseno-sin-titulo-2025-01-10T002615.368.jpg\",\"contentUrl\":\"https:\/\/smpreparations.com\/wp-content\/uploads\/2025\/01\/Diseno-sin-titulo-2025-01-10T002615.368.jpg\",\"width\":1080,\"height\":1080,\"caption\":\"SM Preparations\"},\"image\":{\"@id\":\"https:\/\/smpreparations.com\/#\/schema\/logo\/image\/\"},\"sameAs\":[\"https:\/\/www.instagram.com\/smpreparations\/\"],\"description\":\"Expertos en Procesos Migratorios y Servicios de Notar\u00eda en un Solo Lugar\"}]}<\/script>\n<!-- \/ Yoast SEO Premium plugin. -->","yoast_head_json":{"title":"Cont\u00e1ctanos | Resolvemos tus Dudas y Comenzamos tu Proceso","description":"Estamos aqu\u00ed para ayudarte. Ponte en contacto con nosotros para obtener informaci\u00f3n sobre nuestros servicios de migraci\u00f3n y notar\u00eda.","robots":{"index":"index","follow":"follow","max-snippet":"max-snippet:-1","max-image-preview":"max-image-preview:large","max-video-preview":"max-video-preview:-1"},"canonical":"https:\/\/smpreparations.com\/en\/contacto\/","og_locale":"en_US","og_type":"article","og_title":"Cont\u00e1ctanos | Resolvemos tus Dudas y Comenzamos tu Proceso","og_description":"Estamos aqu\u00ed para ayudarte. Ponte en contacto con nosotros para obtener informaci\u00f3n sobre nuestros servicios de migraci\u00f3n y notar\u00eda.","og_url":"https:\/\/smpreparations.com\/en\/contacto\/","og_site_name":"smpreparations.com","article_modified_time":"2025-02-13T20:35:40+00:00","og_image":[{"width":1920,"height":1080,"url":"https:\/\/smpreparations.com\/wp-content\/uploads\/2025\/01\/Diseno-sin-titulo-2025-01-10T002436.413.jpg","type":"image\/jpeg"}],"twitter_card":"summary_large_image","twitter_title":"Contacto Cont\u00e1ctanos | Resolvemos tus Dudas y Comenzamos tu Proceso","twitter_description":"Estamos aqu\u00ed para ayudarte. Ponte en contacto con nosotros para obtener informaci\u00f3n sobre nuestros servicios de migraci\u00f3n y notar\u00eda.","twitter_misc":{"Est. reading time":"1 minute"},"schema":{"@context":"https:\/\/schema.org","@graph":[{"@type":"WebPage","@id":"https:\/\/smpreparations.com\/contacto\/","url":"https:\/\/smpreparations.com\/contacto\/","name":"Cont\u00e1ctanos | Resolvemos tus Dudas y Comenzamos tu Proceso","isPartOf":{"@id":"https:\/\/smpreparations.com\/#website"},"primaryImageOfPage":{"@id":"https:\/\/smpreparations.com\/contacto\/#primaryimage"},"image":{"@id":"https:\/\/smpreparations.com\/contacto\/#primaryimage"},"thumbnailUrl":"https:\/\/smpreparations.com\/wp-content\/uploads\/2025\/01\/Diseno-sin-titulo-2025-01-10T002436.413.jpg","datePublished":"2025-01-10T02:20:34+00:00","dateModified":"2025-02-13T20:35:40+00:00","description":"Estamos aqu\u00ed para ayudarte. Ponte en contacto con nosotros para obtener informaci\u00f3n sobre nuestros servicios de migraci\u00f3n y notar\u00eda.","breadcrumb":{"@id":"https:\/\/smpreparations.com\/contacto\/#breadcrumb"},"inLanguage":"en-US","potentialAction":[{"@type":"ReadAction","target":["https:\/\/smpreparations.com\/contacto\/"]}]},{"@type":"ImageObject","inLanguage":"en-US","@id":"https:\/\/smpreparations.com\/contacto\/#primaryimage","url":"https:\/\/smpreparations.com\/wp-content\/uploads\/2025\/01\/Diseno-sin-titulo-2025-01-10T002436.413.jpg","contentUrl":"https:\/\/smpreparations.com\/wp-content\/uploads\/2025\/01\/Diseno-sin-titulo-2025-01-10T002436.413.jpg","width":1920,"height":1080,"caption":"SM Preparations Sanaa Mustafa"},{"@type":"BreadcrumbList","@id":"https:\/\/smpreparations.com\/contacto\/#breadcrumb","itemListElement":[{"@type":"ListItem","position":1,"name":"Home","item":"https:\/\/smpreparations.com\/"},{"@type":"ListItem","position":2,"name":"Contacto"}]},{"@type":"WebSite","@id":"https:\/\/smpreparations.com\/#website","url":"https:\/\/smpreparations.com\/","name":"SMPreparations","description":"Migration and Notarial Solutions Within Your Reach","publisher":{"@id":"https:\/\/smpreparations.com\/#organization"},"alternateName":"SMPreparations - Sanaa Mustafa","potentialAction":[{"@type":"SearchAction","target":{"@type":"EntryPoint","urlTemplate":"https:\/\/smpreparations.com\/?s={search_term_string}"},"query-input":{"@type":"PropertyValueSpecification","valueRequired":true,"valueName":"search_term_string"}}],"inLanguage":"en-US"},{"@type":"Organization","@id":"https:\/\/smpreparations.com\/#organization","name":"SM Preparations","alternateName":"SM Preparations - Sanaa Mustafa","url":"https:\/\/smpreparations.com\/","logo":{"@type":"ImageObject","inLanguage":"en-US","@id":"https:\/\/smpreparations.com\/#\/schema\/logo\/image\/","url":"https:\/\/smpreparations.com\/wp-content\/uploads\/2025\/01\/Diseno-sin-titulo-2025-01-10T002615.368.jpg","contentUrl":"https:\/\/smpreparations.com\/wp-content\/uploads\/2025\/01\/Diseno-sin-titulo-2025-01-10T002615.368.jpg","width":1080,"height":1080,"caption":"SM Preparations"},"image":{"@id":"https:\/\/smpreparations.com\/#\/schema\/logo\/image\/"},"sameAs":["https:\/\/www.instagram.com\/smpreparations\/"],"description":"Experts in Immigration Processes and Notary Services in One Place"}]}},"_links":{"self":[{"href":"https:\/\/smpreparations.com\/en\/wp-json\/wp\/v2\/pages\/17","targetHints":{"allow":["GET"]}}],"collection":[{"href":"https:\/\/smpreparations.com\/en\/wp-json\/wp\/v2\/pages"}],"about":[{"href":"https:\/\/smpreparations.com\/en\/wp-json\/wp\/v2\/types\/page"}],"author":[{"embeddable":true,"href":"https:\/\/smpreparations.com\/en\/wp-json\/wp\/v2\/users\/1"}],"replies":[{"embeddable":true,"href":"https:\/\/smpreparations.com\/en\/wp-json\/wp\/v2\/comments?post=17"}],"version-history":[{"count":44,"href":"https:\/\/smpreparations.com\/en\/wp-json\/wp\/v2\/pages\/17\/revisions"}],"predecessor-version":[{"id":609,"href":"https:\/\/smpreparations.com\/en\/wp-json\/wp\/v2\/pages\/17\/revisions\/609"}],"wp:featuredmedia":[{"embeddable":true,"href":"https:\/\/smpreparations.com\/en\/wp-json\/wp\/v2\/media\/35"}],"wp:attachment":[{"href":"https:\/\/smpreparations.com\/en\/wp-json\/wp\/v2\/media?parent=17"}],"curies":[{"name":"wp","href":"https:\/\/api.w.org\/{rel}","templated":true}]}}