{"id":15,"date":"2025-01-10T02:20:20","date_gmt":"2025-01-10T02:20:20","guid":{"rendered":"https:\/\/smpreparations.com\/?page_id=15"},"modified":"2025-11-03T05:16:55","modified_gmt":"2025-11-03T05:16:55","slug":"conoceme","status":"publish","type":"page","link":"https:\/\/smpreparations.com\/en\/conoceme\/","title":{"rendered":"Get to Know Me"},"content":{"rendered":"<div data-elementor-type=\"wp-page\" data-elementor-id=\"15\" class=\"elementor elementor-15\" data-elementor-post-type=\"page\">\n\t\t\t\t<div class=\"elementor-element elementor-element-b313430 e-flex e-con-boxed wpr-particle-no wpr-jarallax-no wpr-parallax-no wpr-sticky-section-no e-con e-parent\" data-id=\"b313430\" data-element_type=\"container\" data-settings=\"{&quot;background_background&quot;:&quot;classic&quot;}\">\n\t\t\t\t\t<div class=\"e-con-inner\">\n\t\t<div class=\"elementor-element elementor-element-130d49b e-con-full e-flex wpr-particle-no wpr-jarallax-no wpr-parallax-no wpr-sticky-section-no e-con e-child\" data-id=\"130d49b\" data-element_type=\"container\">\n\t\t\t\t<div class=\"elementor-element elementor-element-857be04 elementor-invisible elementor-widget elementor-widget-image\" data-id=\"857be04\" data-element_type=\"widget\" data-settings=\"{&quot;_animation&quot;:&quot;fadeInRight&quot;,&quot;_animation_mobile&quot;:&quot;fadeInUp&quot;}\" data-widget_type=\"image.default\">\n\t\t\t\t<div class=\"elementor-widget-container\">\n\t\t\t\t\t\t\t\t\t\t\t\t\t\t\t<img fetchpriority=\"high\" decoding=\"async\" width=\"550\" height=\"1024\" src=\"https:\/\/smpreparations.com\/wp-content\/uploads\/2025\/01\/Diseno-sin-titulo-2025-01-14T172230.534-e1736893390143-550x1024.png\" class=\"attachment-large size-large wp-image-522\" alt=\"\" srcset=\"https:\/\/smpreparations.com\/wp-content\/uploads\/2025\/01\/Diseno-sin-titulo-2025-01-14T172230.534-e1736893390143-550x1024.png 550w, https:\/\/smpreparations.com\/wp-content\/uploads\/2025\/01\/Diseno-sin-titulo-2025-01-14T172230.534-e1736893390143-161x300.png 161w, https:\/\/smpreparations.com\/wp-content\/uploads\/2025\/01\/Diseno-sin-titulo-2025-01-14T172230.534-e1736893390143-6x12.png 6w, https:\/\/smpreparations.com\/wp-content\/uploads\/2025\/01\/Diseno-sin-titulo-2025-01-14T172230.534-e1736893390143.png 580w\" sizes=\"(max-width: 550px) 100vw, 550px\" \/>\t\t\t\t\t\t\t\t\t\t\t\t\t\t\t<\/div>\n\t\t\t\t<\/div>\n\t\t\t\t<\/div>\n\t\t<div class=\"elementor-element elementor-element-e815b2f e-con-full e-flex wpr-particle-no wpr-jarallax-no wpr-parallax-no wpr-sticky-section-no e-con e-child\" data-id=\"e815b2f\" data-element_type=\"container\">\n\t\t\t\t<div class=\"elementor-element elementor-element-4d9e764 elementor-widget elementor-widget-heading\" data-id=\"4d9e764\" data-element_type=\"widget\" data-widget_type=\"heading.default\">\n\t\t\t\t<div class=\"elementor-widget-container\">\n\t\t\t\t\t<h1 class=\"elementor-heading-title elementor-size-default\">Get to Know Me\n<\/h1>\t\t\t\t<\/div>\n\t\t\t\t<\/div>\n\t\t\t\t<div class=\"elementor-element elementor-element-b365802 elementor-widget-divider--view-line elementor-widget elementor-widget-divider\" data-id=\"b365802\" data-element_type=\"widget\" data-widget_type=\"divider.default\">\n\t\t\t\t<div class=\"elementor-widget-container\">\n\t\t\t\t\t\t\t<div class=\"elementor-divider\">\n\t\t\t<span class=\"elementor-divider-separator\">\n\t\t\t\t\t\t<\/span>\n\t\t<\/div>\n\t\t\t\t\t\t<\/div>\n\t\t\t\t<\/div>\n\t\t\t\t<div class=\"elementor-element elementor-element-d8ce324 elementor-widget elementor-widget-text-editor\" data-id=\"d8ce324\" data-element_type=\"widget\" data-widget_type=\"text-editor.default\">\n\t\t\t\t<div class=\"elementor-widget-container\">\n\t\t\t\t\t\t\t\t\t<p>Qui\u00e9nes Somos \u2013 SM Preparations<\/p>\t\t\t\t\t\t\t\t<\/div>\n\t\t\t\t<\/div>\n\t\t\t\t<div class=\"elementor-element elementor-element-5d220c6 elementor-align-left elementor-invisible elementor-widget elementor-widget-button\" data-id=\"5d220c6\" data-element_type=\"widget\" data-settings=\"{&quot;_animation&quot;:&quot;fadeInUp&quot;,&quot;_animation_mobile&quot;:&quot;fadeInLeft&quot;}\" data-widget_type=\"button.default\">\n\t\t\t\t<div class=\"elementor-widget-container\">\n\t\t\t\t\t\t\t\t\t<div class=\"elementor-button-wrapper\">\n\t\t\t\t\t<a class=\"elementor-button elementor-button-link elementor-size-sm elementor-animation-float\" href=\"https:\/\/smpreparations.com\/en\/servicios\/\">\n\t\t\t\t\t\t<span class=\"elementor-button-content-wrapper\">\n\t\t\t\t\t\t\t\t\t<span class=\"elementor-button-text\">View Services<\/span>\n\t\t\t\t\t<\/span>\n\t\t\t\t\t<\/a>\n\t\t\t\t<\/div>\n\t\t\t\t\t\t\t\t<\/div>\n\t\t\t\t<\/div>\n\t\t\t\t<\/div>\n\t\t\t\t\t<\/div>\n\t\t\t\t<\/div>\n\t\t<div class=\"elementor-element elementor-element-85f5e4b e-flex e-con-boxed wpr-particle-no wpr-jarallax-no wpr-parallax-no wpr-sticky-section-no e-con e-parent\" data-id=\"85f5e4b\" data-element_type=\"container\">\n\t\t\t\t\t<div class=\"e-con-inner\">\n\t\t\t\t<div class=\"elementor-element elementor-element-53889a5 elementor-invisible elementor-widget elementor-widget-image\" data-id=\"53889a5\" data-element_type=\"widget\" data-settings=\"{&quot;_animation&quot;:&quot;fadeInUp&quot;}\" data-widget_type=\"image.default\">\n\t\t\t\t<div class=\"elementor-widget-container\">\n\t\t\t\t\t\t\t\t\t\t\t\t\t\t\t<img decoding=\"async\" width=\"800\" height=\"800\" src=\"https:\/\/smpreparations.com\/wp-content\/uploads\/2025\/01\/Diseno-sin-titulo-2025-01-10T000810.166-1024x1024.png\" class=\"attachment-large size-large wp-image-159\" alt=\"SM Preparations\" srcset=\"https:\/\/smpreparations.com\/wp-content\/uploads\/2025\/01\/Diseno-sin-titulo-2025-01-10T000810.166-1024x1024.png 1024w, https:\/\/smpreparations.com\/wp-content\/uploads\/2025\/01\/Diseno-sin-titulo-2025-01-10T000810.166-300x300.png 300w, https:\/\/smpreparations.com\/wp-content\/uploads\/2025\/01\/Diseno-sin-titulo-2025-01-10T000810.166-150x150.png 150w, https:\/\/smpreparations.com\/wp-content\/uploads\/2025\/01\/Diseno-sin-titulo-2025-01-10T000810.166-768x768.png 768w, https:\/\/smpreparations.com\/wp-content\/uploads\/2025\/01\/Diseno-sin-titulo-2025-01-10T000810.166.png 1080w\" sizes=\"(max-width: 800px) 100vw, 800px\" \/>\t\t\t\t\t\t\t\t\t\t\t\t\t\t\t<\/div>\n\t\t\t\t<\/div>\n\t\t\t\t\t<\/div>\n\t\t\t\t<\/div>\n\t\t<div class=\"elementor-element elementor-element-4de254e e-flex e-con-boxed wpr-particle-no wpr-jarallax-no wpr-parallax-no wpr-sticky-section-no e-con e-parent\" data-id=\"4de254e\" data-element_type=\"container\">\n\t\t\t\t\t<div class=\"e-con-inner\">\n\t\t<div class=\"elementor-element elementor-element-0556e24 e-con-full e-flex wpr-particle-no wpr-jarallax-no wpr-parallax-no wpr-sticky-section-no e-con e-child\" data-id=\"0556e24\" data-element_type=\"container\">\n\t\t\t\t<div class=\"elementor-element elementor-element-5499043 elementor-widget elementor-widget-text-editor\" data-id=\"5499043\" data-element_type=\"widget\" data-widget_type=\"text-editor.default\">\n\t\t\t\t<div class=\"elementor-widget-container\">\n\t\t\t\t\t\t\t\t\t<p><strong><span class=\"OYPEnA font-feature-liga-off font-feature-clig-off font-feature-calt-off text-decoration-none text-strikethrough-none\">Sanaa Mustafa<\/span><\/strong><span class=\"OYPEnA font-feature-liga-off font-feature-clig-off font-feature-calt-off text-decoration-none text-strikethrough-none\"> and Her Team: Experience and Trust in Immigration Solutions and Family Procedures<\/span><\/p>\t\t\t\t\t\t\t\t<\/div>\n\t\t\t\t<\/div>\n\t\t\t\t<div class=\"elementor-element elementor-element-d72c530 elementor-widget-divider--view-line elementor-widget elementor-widget-divider\" data-id=\"d72c530\" data-element_type=\"widget\" data-widget_type=\"divider.default\">\n\t\t\t\t<div class=\"elementor-widget-container\">\n\t\t\t\t\t\t\t<div class=\"elementor-divider\">\n\t\t\t<span class=\"elementor-divider-separator\">\n\t\t\t\t\t\t<\/span>\n\t\t<\/div>\n\t\t\t\t\t\t<\/div>\n\t\t\t\t<\/div>\n\t\t\t\t<div class=\"elementor-element elementor-element-2521a14 elementor-widget elementor-widget-text-editor\" data-id=\"2521a14\" data-element_type=\"widget\" data-widget_type=\"text-editor.default\">\n\t\t\t\t<div class=\"elementor-widget-container\">\n\t\t\t\t\t\t\t\t\t<p>En SM Preparations, nos especializamos en ofrecer soluciones migratorias, notariales confiables y personalizadas. Con sede en Miami, Florida, nuestro equipo, liderado por Sanaa Mustafa, est\u00e1 comprometido con brindar una amplia gama de servicios, incluyendo TPS, DACA, Parole Humanitario, Residencia, Ciudadan\u00eda, Peticiones Familiares y entre otros servicios notariales complementarios.<\/p>\t\t\t\t\t\t\t\t<\/div>\n\t\t\t\t<\/div>\n\t\t\t\t<div class=\"elementor-element elementor-element-a13186a elementor-align-left elementor-invisible elementor-widget elementor-widget-button\" data-id=\"a13186a\" data-element_type=\"widget\" data-settings=\"{&quot;_animation&quot;:&quot;fadeInUp&quot;,&quot;_animation_mobile&quot;:&quot;fadeInLeft&quot;}\" data-widget_type=\"button.default\">\n\t\t\t\t<div class=\"elementor-widget-container\">\n\t\t\t\t\t\t\t\t\t<div class=\"elementor-button-wrapper\">\n\t\t\t\t\t<a class=\"elementor-button elementor-button-link elementor-size-sm elementor-animation-float\" href=\"https:\/\/smpreparations.com\/en\/servicios\/\">\n\t\t\t\t\t\t<span class=\"elementor-button-content-wrapper\">\n\t\t\t\t\t\t\t\t\t<span class=\"elementor-button-text\">View Services<\/span>\n\t\t\t\t\t<\/span>\n\t\t\t\t\t<\/a>\n\t\t\t\t<\/div>\n\t\t\t\t\t\t\t\t<\/div>\n\t\t\t\t<\/div>\n\t\t\t\t<\/div>\n\t\t<div class=\"elementor-element elementor-element-51695da e-con-full e-flex wpr-particle-no wpr-jarallax-no wpr-parallax-no wpr-sticky-section-no e-con e-child\" data-id=\"51695da\" data-element_type=\"container\">\n\t\t\t\t<div class=\"elementor-element elementor-element-e4e0b02 elementor-invisible elementor-widget elementor-widget-image\" data-id=\"e4e0b02\" data-element_type=\"widget\" data-settings=\"{&quot;_animation&quot;:&quot;fadeInLeft&quot;,&quot;_animation_mobile&quot;:&quot;fadeInRight&quot;}\" data-widget_type=\"image.default\">\n\t\t\t\t<div class=\"elementor-widget-container\">\n\t\t\t\t\t\t\t\t\t\t\t\t\t\t\t<img decoding=\"async\" width=\"1080\" height=\"1080\" src=\"https:\/\/smpreparations.com\/wp-content\/uploads\/2025\/01\/Diseno-sin-titulo-2025-01-09T232508.641.png\" class=\"attachment-full size-full wp-image-166\" alt=\"Sanaa Mustafa\" srcset=\"https:\/\/smpreparations.com\/wp-content\/uploads\/2025\/01\/Diseno-sin-titulo-2025-01-09T232508.641.png 1080w, https:\/\/smpreparations.com\/wp-content\/uploads\/2025\/01\/Diseno-sin-titulo-2025-01-09T232508.641-300x300.png 300w, https:\/\/smpreparations.com\/wp-content\/uploads\/2025\/01\/Diseno-sin-titulo-2025-01-09T232508.641-1024x1024.png 1024w, https:\/\/smpreparations.com\/wp-content\/uploads\/2025\/01\/Diseno-sin-titulo-2025-01-09T232508.641-150x150.png 150w, https:\/\/smpreparations.com\/wp-content\/uploads\/2025\/01\/Diseno-sin-titulo-2025-01-09T232508.641-768x768.png 768w\" sizes=\"(max-width: 1080px) 100vw, 1080px\" \/>\t\t\t\t\t\t\t\t\t\t\t\t\t\t\t<\/div>\n\t\t\t\t<\/div>\n\t\t\t\t<\/div>\n\t\t\t\t\t<\/div>\n\t\t\t\t<\/div>\n\t\t<div class=\"elementor-element elementor-element-7a00d59 e-flex e-con-boxed wpr-particle-no wpr-jarallax-no wpr-parallax-no wpr-sticky-section-no e-con e-parent\" data-id=\"7a00d59\" data-element_type=\"container\">\n\t\t\t\t\t<div class=\"e-con-inner\">\n\t\t\t\t<div class=\"elementor-element elementor-element-5981dc7 elementor-widget elementor-widget-text-editor\" data-id=\"5981dc7\" data-element_type=\"widget\" data-widget_type=\"text-editor.default\">\n\t\t\t\t<div class=\"elementor-widget-container\">\n\t\t\t\t\t\t\t\t\t<p>Nuestro objetivo es facilitar cada proceso, brind\u00e1ndote tranquilidad y confianza en cada paso del camino. Contamos con m\u00e1s de 15,000 clientes satisfechos y un 99% de \u00e9xito en casos gestionados, respaldados por un equipo de profesionales con amplia experiencia.<\/p><p>En SM Preparations, no solo preparamos tr\u00e1mites migratorios y notariales, sino tambi\u00e9n brindamos confianza a quienes buscan nuevas oportunidades en Estados Unidos. Trabajamos con dedicaci\u00f3n, empat\u00eda y compromiso, asegur\u00e1ndonos de que cada tr\u00e1mite sea claro, sencillo y eficiente.<\/p>\t\t\t\t\t\t\t\t<\/div>\n\t\t\t\t<\/div>\n\t\t\t\t<div class=\"elementor-element elementor-element-7af28b0 elementor-widget elementor-widget-text-editor\" data-id=\"7af28b0\" data-element_type=\"widget\" data-widget_type=\"text-editor.default\">\n\t\t\t\t<div class=\"elementor-widget-container\">\n\t\t\t\t\t\t\t\t\t<p>Conf\u00eda en nosotros para guiarte en tu proceso. <strong data-start=\"1058\" data-end=\"1154\" data-is-last-node=\"\">Estamos aqu\u00ed para ayudarte a alcanzar tus metas y construir juntos un camino hacia el \u00e9xito.<\/strong><\/p>\t\t\t\t\t\t\t\t<\/div>\n\t\t\t\t<\/div>\n\t\t\t\t<div class=\"elementor-element elementor-element-ac78b0c elementor-align-left elementor-invisible elementor-widget elementor-widget-button\" data-id=\"ac78b0c\" data-element_type=\"widget\" data-settings=\"{&quot;_animation&quot;:&quot;fadeInUp&quot;,&quot;_animation_mobile&quot;:&quot;fadeInLeft&quot;}\" data-widget_type=\"button.default\">\n\t\t\t\t<div class=\"elementor-widget-container\">\n\t\t\t\t\t\t\t\t\t<div class=\"elementor-button-wrapper\">\n\t\t\t\t\t<a class=\"elementor-button elementor-button-link elementor-size-sm elementor-animation-float\" href=\"https:\/\/smpreparations.com\/en\/servicios\/\">\n\t\t\t\t\t\t<span class=\"elementor-button-content-wrapper\">\n\t\t\t\t\t\t\t\t\t<span class=\"elementor-button-text\">View Services<\/span>\n\t\t\t\t\t<\/span>\n\t\t\t\t\t<\/a>\n\t\t\t\t<\/div>\n\t\t\t\t\t\t\t\t<\/div>\n\t\t\t\t<\/div>\n\t\t\t\t\t<\/div>\n\t\t\t\t<\/div>\n\t\t\t\t<\/div>","protected":false},"excerpt":{"rendered":"<p>Con\u00f3ceme Qui\u00e9nes Somos \u2013 SM Preparations Ver Servicios Sanaa Mustafa y su Equipo: Experiencia y Confianza en Soluciones Migratorias y tr\u00e1mites Familiares En SM Preparations, nos especializamos en ofrecer soluciones migratorias, notariales confiables y personalizadas. Con sede en Miami, Florida, nuestro equipo, liderado por Sanaa Mustafa, est\u00e1 comprometido con brindar una amplia gama de servicios, incluyendo TPS, DACA, Parole Humanitario, Residencia, Ciudadan\u00eda, Peticiones Familiares y entre otros servicios notariales complementarios. Ver Servicios Nuestro objetivo es facilitar cada proceso, brind\u00e1ndote tranquilidad y confianza en cada paso del camino. Contamos con m\u00e1s de 15,000 clientes satisfechos y un 99% de \u00e9xito en casos gestionados, respaldados por un equipo de profesionales con amplia experiencia. En SM Preparations, no solo preparamos tr\u00e1mites migratorios y notariales, sino tambi\u00e9n brindamos confianza a quienes buscan nuevas oportunidades en Estados Unidos. Trabajamos con dedicaci\u00f3n, empat\u00eda y compromiso, asegur\u00e1ndonos de que cada tr\u00e1mite sea claro, sencillo y eficiente. Conf\u00eda en nosotros para guiarte en tu proceso. Estamos aqu\u00ed para ayudarte a alcanzar tus metas y construir juntos un camino hacia el \u00e9xito. Ver Servicios<\/p>","protected":false},"author":1,"featured_media":0,"parent":0,"menu_order":0,"comment_status":"closed","ping_status":"closed","template":"elementor_header_footer","meta":{"_joinchat":[],"footnotes":""},"class_list":["post-15","page","type-page","status-publish","hentry"],"yoast_head":"<!-- This site is optimized with the Yoast SEO Premium plugin v24.2 (Yoast SEO v26.0) - https:\/\/yoast.com\/wordpress\/plugins\/seo\/ -->\n<title>Con\u00f3ceme - smpreparations.com<\/title>\n<meta name=\"robots\" content=\"index, follow, max-snippet:-1, max-image-preview:large, max-video-preview:-1\" \/>\n<link rel=\"canonical\" href=\"https:\/\/smpreparations.com\/en\/conoceme\/\" \/>\n<meta property=\"og:locale\" content=\"en_US\" \/>\n<meta property=\"og:type\" content=\"article\" \/>\n<meta property=\"og:title\" content=\"Con\u00f3ceme\" \/>\n<meta property=\"og:description\" content=\"Con\u00f3ceme Qui\u00e9nes Somos \u2013 SM Preparations Ver Servicios Sanaa Mustafa y su Equipo: Experiencia y Confianza en Soluciones Migratorias y tr\u00e1mites Familiares En SM Preparations, nos especializamos en ofrecer soluciones migratorias, notariales confiables y personalizadas. Con sede en Miami, Florida, nuestro equipo, liderado por Sanaa Mustafa, est\u00e1 comprometido con brindar una amplia gama de servicios, incluyendo TPS, DACA, Parole Humanitario, Residencia, Ciudadan\u00eda, Peticiones Familiares y entre otros servicios notariales complementarios. Ver Servicios Nuestro objetivo es facilitar cada proceso, brind\u00e1ndote tranquilidad y confianza en cada paso del camino. Contamos con m\u00e1s de 15,000 clientes satisfechos y un 99% de \u00e9xito en casos gestionados, respaldados por un equipo de profesionales con amplia experiencia. En SM Preparations, no solo preparamos tr\u00e1mites migratorios y notariales, sino tambi\u00e9n brindamos confianza a quienes buscan nuevas oportunidades en Estados Unidos. Trabajamos con dedicaci\u00f3n, empat\u00eda y compromiso, asegur\u00e1ndonos de que cada tr\u00e1mite sea claro, sencillo y eficiente. Conf\u00eda en nosotros para guiarte en tu proceso. Estamos aqu\u00ed para ayudarte a alcanzar tus metas y construir juntos un camino hacia el \u00e9xito. Ver Servicios\" \/>\n<meta property=\"og:url\" content=\"https:\/\/smpreparations.com\/en\/conoceme\/\" \/>\n<meta property=\"og:site_name\" content=\"smpreparations.com\" \/>\n<meta property=\"article:modified_time\" content=\"2025-11-03T05:16:55+00:00\" \/>\n<meta property=\"og:image\" content=\"https:\/\/smpreparations.com\/wp-content\/uploads\/2025\/01\/Diseno-sin-titulo-2025-01-14T172230.534-e1736893390143.png\" \/>\n\t<meta property=\"og:image:width\" content=\"580\" \/>\n\t<meta property=\"og:image:height\" content=\"1080\" \/>\n\t<meta property=\"og:image:type\" content=\"image\/png\" \/>\n<meta name=\"twitter:card\" content=\"summary_large_image\" \/>\n<meta name=\"twitter:label1\" content=\"Est. reading time\" \/>\n\t<meta name=\"twitter:data1\" content=\"2 minutes\" \/>\n<script type=\"application\/ld+json\" class=\"yoast-schema-graph\">{\"@context\":\"https:\/\/schema.org\",\"@graph\":[{\"@type\":\"WebPage\",\"@id\":\"https:\/\/smpreparations.com\/conoceme\/\",\"url\":\"https:\/\/smpreparations.com\/conoceme\/\",\"name\":\"Con\u00f3ceme - smpreparations.com\",\"isPartOf\":{\"@id\":\"https:\/\/smpreparations.com\/#website\"},\"primaryImageOfPage\":{\"@id\":\"https:\/\/smpreparations.com\/conoceme\/#primaryimage\"},\"image\":{\"@id\":\"https:\/\/smpreparations.com\/conoceme\/#primaryimage\"},\"thumbnailUrl\":\"https:\/\/smpreparations.com\/wp-content\/uploads\/2025\/01\/Diseno-sin-titulo-2025-01-14T172230.534-e1736893390143-550x1024.png\",\"datePublished\":\"2025-01-10T02:20:20+00:00\",\"dateModified\":\"2025-11-03T05:16:55+00:00\",\"breadcrumb\":{\"@id\":\"https:\/\/smpreparations.com\/conoceme\/#breadcrumb\"},\"inLanguage\":\"en-US\",\"potentialAction\":[{\"@type\":\"ReadAction\",\"target\":[\"https:\/\/smpreparations.com\/conoceme\/\"]}]},{\"@type\":\"ImageObject\",\"inLanguage\":\"en-US\",\"@id\":\"https:\/\/smpreparations.com\/conoceme\/#primaryimage\",\"url\":\"https:\/\/smpreparations.com\/wp-content\/uploads\/2025\/01\/Diseno-sin-titulo-2025-01-14T172230.534-e1736893390143-550x1024.png\",\"contentUrl\":\"https:\/\/smpreparations.com\/wp-content\/uploads\/2025\/01\/Diseno-sin-titulo-2025-01-14T172230.534-e1736893390143-550x1024.png\"},{\"@type\":\"BreadcrumbList\",\"@id\":\"https:\/\/smpreparations.com\/conoceme\/#breadcrumb\",\"itemListElement\":[{\"@type\":\"ListItem\",\"position\":1,\"name\":\"Home\",\"item\":\"https:\/\/smpreparations.com\/\"},{\"@type\":\"ListItem\",\"position\":2,\"name\":\"Con\u00f3ceme\"}]},{\"@type\":\"WebSite\",\"@id\":\"https:\/\/smpreparations.com\/#website\",\"url\":\"https:\/\/smpreparations.com\/\",\"name\":\"SMPreparations\",\"description\":\"Soluciones Migratorias y Notariales a tu Alcance\",\"publisher\":{\"@id\":\"https:\/\/smpreparations.com\/#organization\"},\"alternateName\":\"SMPreparations - Sanaa Mustafa\",\"potentialAction\":[{\"@type\":\"SearchAction\",\"target\":{\"@type\":\"EntryPoint\",\"urlTemplate\":\"https:\/\/smpreparations.com\/?s={search_term_string}\"},\"query-input\":{\"@type\":\"PropertyValueSpecification\",\"valueRequired\":true,\"valueName\":\"search_term_string\"}}],\"inLanguage\":\"en-US\"},{\"@type\":\"Organization\",\"@id\":\"https:\/\/smpreparations.com\/#organization\",\"name\":\"SM Preparations\",\"alternateName\":\"SM Preparations - Sanaa Mustafa\",\"url\":\"https:\/\/smpreparations.com\/\",\"logo\":{\"@type\":\"ImageObject\",\"inLanguage\":\"en-US\",\"@id\":\"https:\/\/smpreparations.com\/#\/schema\/logo\/image\/\",\"url\":\"https:\/\/smpreparations.com\/wp-content\/uploads\/2025\/01\/Diseno-sin-titulo-2025-01-10T002615.368.jpg\",\"contentUrl\":\"https:\/\/smpreparations.com\/wp-content\/uploads\/2025\/01\/Diseno-sin-titulo-2025-01-10T002615.368.jpg\",\"width\":1080,\"height\":1080,\"caption\":\"SM Preparations\"},\"image\":{\"@id\":\"https:\/\/smpreparations.com\/#\/schema\/logo\/image\/\"},\"sameAs\":[\"https:\/\/www.instagram.com\/smpreparations\/\"],\"description\":\"Expertos en Procesos Migratorios y Servicios de Notar\u00eda en un Solo Lugar\"}]}<\/script>\n<!-- \/ Yoast SEO Premium plugin. -->","yoast_head_json":{"title":"Con\u00f3ceme - smpreparations.com","robots":{"index":"index","follow":"follow","max-snippet":"max-snippet:-1","max-image-preview":"max-image-preview:large","max-video-preview":"max-video-preview:-1"},"canonical":"https:\/\/smpreparations.com\/en\/conoceme\/","og_locale":"en_US","og_type":"article","og_title":"Con\u00f3ceme","og_description":"Con\u00f3ceme Qui\u00e9nes Somos \u2013 SM Preparations Ver Servicios Sanaa Mustafa y su Equipo: Experiencia y Confianza en Soluciones Migratorias y tr\u00e1mites Familiares En SM Preparations, nos especializamos en ofrecer soluciones migratorias, notariales confiables y personalizadas. Con sede en Miami, Florida, nuestro equipo, liderado por Sanaa Mustafa, est\u00e1 comprometido con brindar una amplia gama de servicios, incluyendo TPS, DACA, Parole Humanitario, Residencia, Ciudadan\u00eda, Peticiones Familiares y entre otros servicios notariales complementarios. Ver Servicios Nuestro objetivo es facilitar cada proceso, brind\u00e1ndote tranquilidad y confianza en cada paso del camino. Contamos con m\u00e1s de 15,000 clientes satisfechos y un 99% de \u00e9xito en casos gestionados, respaldados por un equipo de profesionales con amplia experiencia. En SM Preparations, no solo preparamos tr\u00e1mites migratorios y notariales, sino tambi\u00e9n brindamos confianza a quienes buscan nuevas oportunidades en Estados Unidos. Trabajamos con dedicaci\u00f3n, empat\u00eda y compromiso, asegur\u00e1ndonos de que cada tr\u00e1mite sea claro, sencillo y eficiente. Conf\u00eda en nosotros para guiarte en tu proceso. Estamos aqu\u00ed para ayudarte a alcanzar tus metas y construir juntos un camino hacia el \u00e9xito. Ver Servicios","og_url":"https:\/\/smpreparations.com\/en\/conoceme\/","og_site_name":"smpreparations.com","article_modified_time":"2025-11-03T05:16:55+00:00","og_image":[{"width":580,"height":1080,"url":"https:\/\/smpreparations.com\/wp-content\/uploads\/2025\/01\/Diseno-sin-titulo-2025-01-14T172230.534-e1736893390143.png","type":"image\/png"}],"twitter_card":"summary_large_image","twitter_misc":{"Est. reading time":"2 minutes"},"schema":{"@context":"https:\/\/schema.org","@graph":[{"@type":"WebPage","@id":"https:\/\/smpreparations.com\/conoceme\/","url":"https:\/\/smpreparations.com\/conoceme\/","name":"Con\u00f3ceme - smpreparations.com","isPartOf":{"@id":"https:\/\/smpreparations.com\/#website"},"primaryImageOfPage":{"@id":"https:\/\/smpreparations.com\/conoceme\/#primaryimage"},"image":{"@id":"https:\/\/smpreparations.com\/conoceme\/#primaryimage"},"thumbnailUrl":"https:\/\/smpreparations.com\/wp-content\/uploads\/2025\/01\/Diseno-sin-titulo-2025-01-14T172230.534-e1736893390143-550x1024.png","datePublished":"2025-01-10T02:20:20+00:00","dateModified":"2025-11-03T05:16:55+00:00","breadcrumb":{"@id":"https:\/\/smpreparations.com\/conoceme\/#breadcrumb"},"inLanguage":"en-US","potentialAction":[{"@type":"ReadAction","target":["https:\/\/smpreparations.com\/conoceme\/"]}]},{"@type":"ImageObject","inLanguage":"en-US","@id":"https:\/\/smpreparations.com\/conoceme\/#primaryimage","url":"https:\/\/smpreparations.com\/wp-content\/uploads\/2025\/01\/Diseno-sin-titulo-2025-01-14T172230.534-e1736893390143-550x1024.png","contentUrl":"https:\/\/smpreparations.com\/wp-content\/uploads\/2025\/01\/Diseno-sin-titulo-2025-01-14T172230.534-e1736893390143-550x1024.png"},{"@type":"BreadcrumbList","@id":"https:\/\/smpreparations.com\/conoceme\/#breadcrumb","itemListElement":[{"@type":"ListItem","position":1,"name":"Home","item":"https:\/\/smpreparations.com\/"},{"@type":"ListItem","position":2,"name":"Con\u00f3ceme"}]},{"@type":"WebSite","@id":"https:\/\/smpreparations.com\/#website","url":"https:\/\/smpreparations.com\/","name":"SMPreparations","description":"Migration and Notarial Solutions Within Your Reach","publisher":{"@id":"https:\/\/smpreparations.com\/#organization"},"alternateName":"SMPreparations - Sanaa Mustafa","potentialAction":[{"@type":"SearchAction","target":{"@type":"EntryPoint","urlTemplate":"https:\/\/smpreparations.com\/?s={search_term_string}"},"query-input":{"@type":"PropertyValueSpecification","valueRequired":true,"valueName":"search_term_string"}}],"inLanguage":"en-US"},{"@type":"Organization","@id":"https:\/\/smpreparations.com\/#organization","name":"SM Preparations","alternateName":"SM Preparations - Sanaa Mustafa","url":"https:\/\/smpreparations.com\/","logo":{"@type":"ImageObject","inLanguage":"en-US","@id":"https:\/\/smpreparations.com\/#\/schema\/logo\/image\/","url":"https:\/\/smpreparations.com\/wp-content\/uploads\/2025\/01\/Diseno-sin-titulo-2025-01-10T002615.368.jpg","contentUrl":"https:\/\/smpreparations.com\/wp-content\/uploads\/2025\/01\/Diseno-sin-titulo-2025-01-10T002615.368.jpg","width":1080,"height":1080,"caption":"SM Preparations"},"image":{"@id":"https:\/\/smpreparations.com\/#\/schema\/logo\/image\/"},"sameAs":["https:\/\/www.instagram.com\/smpreparations\/"],"description":"Experts in Immigration Processes and Notary Services in One Place"}]}},"_links":{"self":[{"href":"https:\/\/smpreparations.com\/en\/wp-json\/wp\/v2\/pages\/15","targetHints":{"allow":["GET"]}}],"collection":[{"href":"https:\/\/smpreparations.com\/en\/wp-json\/wp\/v2\/pages"}],"about":[{"href":"https:\/\/smpreparations.com\/en\/wp-json\/wp\/v2\/types\/page"}],"author":[{"embeddable":true,"href":"https:\/\/smpreparations.com\/en\/wp-json\/wp\/v2\/users\/1"}],"replies":[{"embeddable":true,"href":"https:\/\/smpreparations.com\/en\/wp-json\/wp\/v2\/comments?post=15"}],"version-history":[{"count":13,"href":"https:\/\/smpreparations.com\/en\/wp-json\/wp\/v2\/pages\/15\/revisions"}],"predecessor-version":[{"id":732,"href":"https:\/\/smpreparations.com\/en\/wp-json\/wp\/v2\/pages\/15\/revisions\/732"}],"wp:attachment":[{"href":"https:\/\/smpreparations.com\/en\/wp-json\/wp\/v2\/media?parent=15"}],"curies":[{"name":"wp","href":"https:\/\/api.w.org\/{rel}","templated":true}]}}